{"id":140,"date":"2023-03-21T10:45:22","date_gmt":"2023-03-21T10:45:22","guid":{"rendered":"https:\/\/txokoloft.com\/?page_id=140"},"modified":"2023-03-23T14:57:04","modified_gmt":"2023-03-23T14:57:04","slug":"txoko-loft-moncayo","status":"publish","type":"page","link":"https:\/\/txokoloft.com\/fr\/txoko-loft-moncayo\/","title":{"rendered":"Txoko Loft Moncayo"},"content":{"rendered":"<div class=\"wp-block-image\">\n<figure class=\"aligncenter size-large is-resized\"><img loading=\"lazy\" decoding=\"async\" src=\"https:\/\/txokoloft.com\/wp-content\/uploads\/2023\/03\/Txoko-Loft-logo-1-Moncayo-1024x640.png\" alt=\"\" class=\"wp-image-86\" width=\"512\" height=\"320\" srcset=\"https:\/\/txokoloft.com\/wp-content\/uploads\/2023\/03\/Txoko-Loft-logo-1-Moncayo-1024x640.png 1024w, https:\/\/txokoloft.com\/wp-content\/uploads\/2023\/03\/Txoko-Loft-logo-1-Moncayo-300x188.png 300w, https:\/\/txokoloft.com\/wp-content\/uploads\/2023\/03\/Txoko-Loft-logo-1-Moncayo-768x480.png 768w, https:\/\/txokoloft.com\/wp-content\/uploads\/2023\/03\/Txoko-Loft-logo-1-Moncayo-1536x960.png 1536w, https:\/\/txokoloft.com\/wp-content\/uploads\/2023\/03\/Txoko-Loft-logo-1-Moncayo.png 1667w\" sizes=\"auto, (max-width: 512px) 100vw, 512px\" \/><\/figure>\n<\/div>\n\n\n<div class=\"alignwide\"><div id=\"metaslider-id-161\" style=\"width: 100%;\" class=\"ml-slider-3-61-0 metaslider metaslider-flex metaslider-161 ml-slider ms-theme-default\" role=\"region\" aria-roledescription=\"Slideshow\" aria-label=\"Txoko Loft Moncayo\">\n    <div id=\"metaslider_container_161\">\n        <div id=\"metaslider_161\">\n            <ul aria-live=\"polite\" class=\"slides\">\n                <li style=\"display: block; width: 100%;\" class=\"slide-162 ms-image\" aria-roledescription=\"slide\" aria-label=\"slide-162\"><img loading=\"lazy\" decoding=\"async\" src=\"https:\/\/txokoloft.com\/wp-content\/uploads\/2023\/03\/txoko_loft_1_moncayo_salon-1012x675.jpg\" height=\"800\" width=\"1200\" alt=\"\" class=\"slider-161 slide-162\" title=\"txoko_loft_1_moncayo_salon\" \/><\/li>\n                <li style=\"display: none; width: 100%;\" class=\"slide-163 ms-image\" aria-roledescription=\"slide\" aria-label=\"slide-163\"><img loading=\"lazy\" decoding=\"async\" src=\"https:\/\/txokoloft.com\/wp-content\/uploads\/2023\/03\/txoko_loft_1_moncayo_salon_desde_cocina-1012x675.jpg\" height=\"800\" width=\"1200\" alt=\"\" class=\"slider-161 slide-163\" title=\"txoko_loft_1_moncayo_salon_desde_cocina\" \/><\/li>\n                <li style=\"display: none; width: 100%;\" class=\"slide-164 ms-image\" aria-roledescription=\"slide\" aria-label=\"slide-164\"><img loading=\"lazy\" decoding=\"async\" src=\"https:\/\/txokoloft.com\/wp-content\/uploads\/2023\/03\/txoko_loft_1_moncayo_salon_cocina-1012x675.jpg\" height=\"800\" width=\"1200\" alt=\"\" class=\"slider-161 slide-164\" title=\"txoko_loft_1_moncayo_salon_cocina\" \/><\/li>\n                <li style=\"display: none; width: 100%;\" class=\"slide-165 ms-image\" aria-roledescription=\"slide\" aria-label=\"slide-165\"><img loading=\"lazy\" decoding=\"async\" src=\"https:\/\/txokoloft.com\/wp-content\/uploads\/2023\/03\/txoko_loft_1_moncayo_habitacion_b-1012x675.jpg\" height=\"800\" width=\"1200\" alt=\"\" class=\"slider-161 slide-165\" title=\"txoko_loft_1_moncayo_habitacion_b\" \/><\/li>\n                <li style=\"display: none; width: 100%;\" class=\"slide-166 ms-image\" aria-roledescription=\"slide\" aria-label=\"slide-166\"><img loading=\"lazy\" decoding=\"async\" src=\"https:\/\/txokoloft.com\/wp-content\/uploads\/2023\/03\/txoko_loft_1_moncayo_habitacion_a-1012x675.jpg\" height=\"800\" width=\"1200\" alt=\"\" class=\"slider-161 slide-166\" title=\"txoko_loft_1_moncayo_habitacion_a\" \/><\/li>\n                <li style=\"display: none; width: 100%;\" class=\"slide-167 ms-image\" aria-roledescription=\"slide\" aria-label=\"slide-167\"><img loading=\"lazy\" decoding=\"async\" src=\"https:\/\/txokoloft.com\/wp-content\/uploads\/2023\/03\/txoko_loft_1_moncayo_entrada-1012x675.jpg\" height=\"800\" width=\"1200\" alt=\"\" class=\"slider-161 slide-167\" title=\"txoko_loft_1_moncayo_entrada\" \/><\/li>\n                <li style=\"display: none; width: 100%;\" class=\"slide-168 ms-image\" aria-roledescription=\"slide\" aria-label=\"slide-168\"><img loading=\"lazy\" decoding=\"async\" src=\"https:\/\/txokoloft.com\/wp-content\/uploads\/2023\/03\/txoko_loft_1_moncayo_cocina-1012x675.jpg\" height=\"800\" width=\"1200\" alt=\"\" class=\"slider-161 slide-168\" title=\"txoko_loft_1_moncayo_cocina\" \/><\/li>\n                <li style=\"display: none; width: 100%;\" class=\"slide-169 ms-image\" aria-roledescription=\"slide\" aria-label=\"slide-169\"><img loading=\"lazy\" decoding=\"async\" src=\"https:\/\/txokoloft.com\/wp-content\/uploads\/2023\/03\/txoko_loft_1_moncayo_bano-1200x800.jpg\" height=\"800\" width=\"1200\" alt=\"\" class=\"slider-161 slide-169\" title=\"txoko_loft_1_moncayo_ba\u00f1o\" \/><\/li>\n            <\/ul>\n        <\/div>\n        \n    <\/div>\n<\/div><\/div>\n\n\n\n<h2 class=\"wp-block-heading\">Description<\/h2>\n\n\n\n<ul class=\"wp-block-list\">\n<li>Salle \u00e0 manger<\/li>\n\n\n\n<li>Cuisine<\/li>\n\n\n\n<li>1 dormitorio con 3 camas<\/li>\n\n\n\n<li>Toilettes<\/li>\n\n\n\n<li>Acc\u00e8s par la rue Fuente Can\u00f3nigos<\/li>\n<\/ul>\n\n\n\n<h3 class=\"wp-block-heading\">\u00c9quipement<\/h3>\n\n\n\n<ul class=\"wp-block-list\">\n<li>Four micro onde<\/li>\n\n\n\n<li>R\u00e9frig\u00e9rateur<\/li>\n\n\n\n<li>Machine \u00e0 laver<\/li>\n\n\n\n<li>Lave-vaisselle<\/li>\n\n\n\n<li>Four<\/li>\n\n\n\n<li>Vitroc\u00e9ramique<\/li>\n\n\n\n<li>Grille-pain<\/li>\n\n\n\n<li>Mixeur<\/li>\n\n\n\n<li>Machine \u00e0 caf\u00e9<\/li>\n\n\n\n<li>T\u00e9l\u00e9vision<\/li>\n\n\n\n<li>S\u00e8che-cheveux<\/li>\n\n\n\n<li>Canap\u00e9-lit<\/li>\n<\/ul>\n\n\n\n<hr class=\"wp-block-separator has-alpha-channel-opacity\"\/>\n\n\n\n<p class=\"has-text-align-center has-small-font-size\">En application de l'article 14 de la loi forale 7\/2003 du 14 f\u00e9vrier sur le tourisme, l'obligation d'inscription au registre du tourisme de Navarre est consid\u00e9r\u00e9e comme remplie, \u00e9tant enregistr\u00e9e avec le code d'enregistrement\u00a0: UAT01401<\/p>","protected":false},"excerpt":{"rendered":"<p>Descripci\u00f3n Equipamiento En aplicaci\u00f3n del art\u00edculo 14 de la Ley Foral 7\/2003, de 14 de febrero, de Turismo, se considera cumplido el deber de inscripci\u00f3n en el Registro de Turismo de Navarra, quedando registrado con el c\u00f3digo de registro: UAT01401<\/p>","protected":false},"author":1,"featured_media":0,"parent":0,"menu_order":0,"comment_status":"closed","ping_status":"closed","template":"","meta":{"footnotes":""},"class_list":["post-140","page","type-page","status-publish","hentry"],"jetpack_sharing_enabled":true,"_links":{"self":[{"href":"https:\/\/txokoloft.com\/fr\/wp-json\/wp\/v2\/pages\/140","targetHints":{"allow":["GET"]}}],"collection":[{"href":"https:\/\/txokoloft.com\/fr\/wp-json\/wp\/v2\/pages"}],"about":[{"href":"https:\/\/txokoloft.com\/fr\/wp-json\/wp\/v2\/types\/page"}],"author":[{"embeddable":true,"href":"https:\/\/txokoloft.com\/fr\/wp-json\/wp\/v2\/users\/1"}],"replies":[{"embeddable":true,"href":"https:\/\/txokoloft.com\/fr\/wp-json\/wp\/v2\/comments?post=140"}],"version-history":[{"count":16,"href":"https:\/\/txokoloft.com\/fr\/wp-json\/wp\/v2\/pages\/140\/revisions"}],"predecessor-version":[{"id":317,"href":"https:\/\/txokoloft.com\/fr\/wp-json\/wp\/v2\/pages\/140\/revisions\/317"}],"wp:attachment":[{"href":"https:\/\/txokoloft.com\/fr\/wp-json\/wp\/v2\/media?parent=140"}],"curies":[{"name":"wp","href":"https:\/\/api.w.org\/{rel}","templated":true}]}}