{"id":143,"date":"2023-03-21T10:48:43","date_gmt":"2023-03-21T10:48:43","guid":{"rendered":"https:\/\/txokoloft.com\/?page_id=143"},"modified":"2023-03-23T14:56:56","modified_gmt":"2023-03-23T14:56:56","slug":"txoko-loft-bardenas","status":"publish","type":"page","link":"https:\/\/txokoloft.com\/fr\/txoko-loft-bardenas\/","title":{"rendered":"Txoko Loft Bardenas"},"content":{"rendered":"<div class=\"wp-block-image\">\n<figure class=\"aligncenter size-large is-resized\"><img loading=\"lazy\" decoding=\"async\" src=\"https:\/\/txokoloft.com\/wp-content\/uploads\/2023\/03\/Txoko-Loft-logo-2-Bardenas-1024x640.png\" alt=\"\" class=\"wp-image-87\" width=\"512\" height=\"320\" srcset=\"https:\/\/txokoloft.com\/wp-content\/uploads\/2023\/03\/Txoko-Loft-logo-2-Bardenas-1024x640.png 1024w, https:\/\/txokoloft.com\/wp-content\/uploads\/2023\/03\/Txoko-Loft-logo-2-Bardenas-300x188.png 300w, https:\/\/txokoloft.com\/wp-content\/uploads\/2023\/03\/Txoko-Loft-logo-2-Bardenas-768x480.png 768w, https:\/\/txokoloft.com\/wp-content\/uploads\/2023\/03\/Txoko-Loft-logo-2-Bardenas-1536x960.png 1536w, https:\/\/txokoloft.com\/wp-content\/uploads\/2023\/03\/Txoko-Loft-logo-2-Bardenas.png 1667w\" sizes=\"auto, (max-width: 512px) 100vw, 512px\" \/><\/figure>\n<\/div>\n\n\n<div class=\"alignwide\"><div id=\"metaslider-id-174\" style=\"width: 100%;\" class=\"ml-slider-3-61-0 metaslider metaslider-flex metaslider-174 ml-slider ms-theme-default\" role=\"region\" aria-roledescription=\"Slideshow\" aria-label=\"Txoko Loft Bardenas\">\n    <div id=\"metaslider_container_174\">\n        <div id=\"metaslider_174\">\n            <ul aria-live=\"polite\" class=\"slides\">\n                <li style=\"display: block; width: 100%;\" class=\"slide-183 ms-image\" aria-roledescription=\"slide\" aria-label=\"slide-183\"><img loading=\"lazy\" decoding=\"async\" src=\"https:\/\/txokoloft.com\/wp-content\/uploads\/2023\/03\/txoko_loft_2_bardenas_cocina-1012x675.jpg\" height=\"800\" width=\"1200\" alt=\"\" class=\"slider-174 slide-183\" title=\"txoko_loft_2_bardenas_cocina\" \/><\/li>\n                <li style=\"display: none; width: 100%;\" class=\"slide-184 ms-image\" aria-roledescription=\"slide\" aria-label=\"slide-184\"><img loading=\"lazy\" decoding=\"async\" src=\"https:\/\/txokoloft.com\/wp-content\/uploads\/2023\/03\/txoko_loft_2_bardenas_salon-1012x675.jpg\" height=\"800\" width=\"1200\" alt=\"\" class=\"slider-174 slide-184\" title=\"txoko_loft_2_bardenas_salon\" \/><\/li>\n                <li style=\"display: none; width: 100%;\" class=\"slide-185 ms-image\" aria-roledescription=\"slide\" aria-label=\"slide-185\"><img loading=\"lazy\" decoding=\"async\" src=\"https:\/\/txokoloft.com\/wp-content\/uploads\/2023\/03\/txoko_loft_2_bardenas_salon_tv-1012x675.jpg\" height=\"800\" width=\"1200\" alt=\"\" class=\"slider-174 slide-185\" title=\"txoko_loft_2_bardenas_salon_tv\" \/><\/li>\n                <li style=\"display: none; width: 100%;\" class=\"slide-186 ms-image\" aria-roledescription=\"slide\" aria-label=\"slide-186\"><img loading=\"lazy\" decoding=\"async\" src=\"https:\/\/txokoloft.com\/wp-content\/uploads\/2023\/03\/txoko_loft_2_bardenas_salon_entrada-1012x675.jpg\" height=\"800\" width=\"1200\" alt=\"\" class=\"slider-174 slide-186\" title=\"txoko_loft_2_bardenas_salon_entrada\" \/><\/li>\n                <li style=\"display: none; width: 100%;\" class=\"slide-187 ms-image\" aria-roledescription=\"slide\" aria-label=\"slide-187\"><img loading=\"lazy\" decoding=\"async\" src=\"https:\/\/txokoloft.com\/wp-content\/uploads\/2023\/03\/txoko_loft_2_bardenas_habitacion_2_b-1012x675.jpg\" height=\"800\" width=\"1200\" alt=\"\" class=\"slider-174 slide-187\" title=\"txoko_loft_2_bardenas_habitacion_2_b\" \/><\/li>\n                <li style=\"display: none; width: 100%;\" class=\"slide-188 ms-image\" aria-roledescription=\"slide\" aria-label=\"slide-188\"><img loading=\"lazy\" decoding=\"async\" src=\"https:\/\/txokoloft.com\/wp-content\/uploads\/2023\/03\/txoko_loft_2_bardenas_habitacion_2_a-1012x675.jpg\" height=\"800\" width=\"1200\" alt=\"\" class=\"slider-174 slide-188\" title=\"txoko_loft_2_bardenas_habitacion_2_a\" \/><\/li>\n                <li style=\"display: none; width: 100%;\" class=\"slide-189 ms-image\" aria-roledescription=\"slide\" aria-label=\"slide-189\"><img loading=\"lazy\" decoding=\"async\" src=\"https:\/\/txokoloft.com\/wp-content\/uploads\/2023\/03\/txoko_loft_2_bardenas_habitacion_1_b-1012x675.jpg\" height=\"800\" width=\"1200\" alt=\"\" class=\"slider-174 slide-189\" title=\"txoko_loft_2_bardenas_habitacion_1_b\" \/><\/li>\n                <li style=\"display: none; width: 100%;\" class=\"slide-190 ms-image\" aria-roledescription=\"slide\" aria-label=\"slide-190\"><img loading=\"lazy\" decoding=\"async\" src=\"https:\/\/txokoloft.com\/wp-content\/uploads\/2023\/03\/txoko_loft_2_bardenas_habitacion_1_a-1012x675.jpg\" height=\"800\" width=\"1200\" alt=\"\" class=\"slider-174 slide-190\" title=\"txoko_loft_2_bardenas_habitacion_1_a\" \/><\/li>\n                <li style=\"display: none; width: 100%;\" class=\"slide-191 ms-image\" aria-roledescription=\"slide\" aria-label=\"slide-191\"><img loading=\"lazy\" decoding=\"async\" src=\"https:\/\/txokoloft.com\/wp-content\/uploads\/2023\/03\/txoko_loft_2_bardenas_entrada-1012x675.jpg\" height=\"800\" width=\"1200\" alt=\"\" class=\"slider-174 slide-191\" title=\"txoko_loft_2_bardenas_entrada\" \/><\/li>\n                <li style=\"display: none; width: 100%;\" class=\"slide-192 ms-image\" aria-roledescription=\"slide\" aria-label=\"slide-192\"><img loading=\"lazy\" decoding=\"async\" src=\"https:\/\/txokoloft.com\/wp-content\/uploads\/2023\/03\/txoko_loft_2_bardenas_bano_a-1200x800.jpg\" height=\"800\" width=\"1200\" alt=\"\" class=\"slider-174 slide-192\" title=\"txoko_loft_2_bardenas_ba\u00f1o_a\" \/><\/li>\n                <li style=\"display: none; width: 100%;\" class=\"slide-193 ms-image\" aria-roledescription=\"slide\" aria-label=\"slide-193\"><img loading=\"lazy\" decoding=\"async\" src=\"https:\/\/txokoloft.com\/wp-content\/uploads\/2023\/03\/txoko_loft_2_bardenas_bano_b-1200x800.jpg\" height=\"800\" width=\"1200\" alt=\"\" class=\"slider-174 slide-193\" title=\"txoko_loft_2_bardenas_ba\u00f1o_b\" \/><\/li>\n            <\/ul>\n        <\/div>\n        \n    <\/div>\n<\/div><\/div>\n\n\n\n<h2 class=\"wp-block-heading\">Description<\/h2>\n\n\n\n<ul class=\"wp-block-list\">\n<li>Salle \u00e0 manger\n\n\n\n<\/li>\n\n\n\n<li>Cuisine<\/li>\n\n\n\n<li>1 chambre avec 2 lits simples<\/li>\n\n\n\n<li>1 chambre avec 2 lits simples<\/li>\n\n\n\n<li>Toilettes<\/li>\n\n\n\n<li>Acc\u00e8s par la rue Fuente Can\u00f3nigos<\/li>\n<\/ul>\n\n\n\n<h3 class=\"wp-block-heading\">\u00c9quipement<\/h3>\n\n\n\n<ul class=\"wp-block-list\">\n<li>Four micro onde<\/li>\n\n\n\n<li>R\u00e9frig\u00e9rateur<\/li>\n\n\n\n<li>Machine \u00e0 laver<\/li>\n\n\n\n<li>Lave-vaisselle<\/li>\n\n\n\n<li>Four<\/li>\n\n\n\n<li>Vitroc\u00e9ramique<\/li>\n\n\n\n<li>Grille-pain<\/li>\n\n\n\n<li>Mixeur<\/li>\n\n\n\n<li>Machine \u00e0 caf\u00e9<\/li>\n\n\n\n<li>T\u00e9l\u00e9vision<\/li>\n\n\n\n<li>S\u00e8che-cheveux<\/li>\n\n\n\n<li>Canap\u00e9-lit<\/li>\n<\/ul>\n\n\n\n<hr class=\"wp-block-separator has-alpha-channel-opacity\"\/>\n\n\n\n<p class=\"has-text-align-center has-small-font-size\">En application de l'article 14 de la loi forale 7\/2003 du 14 f\u00e9vrier sur le tourisme, l'obligation d'inscription au registre du tourisme de Navarre est consid\u00e9r\u00e9e comme remplie, \u00e9tant enregistr\u00e9e avec le code d'enregistrement\u00a0: UAT01402<\/p>","protected":false},"excerpt":{"rendered":"<p>Descripci\u00f3n Equipamiento En aplicaci\u00f3n del art\u00edculo 14 de la Ley Foral 7\/2003, de 14 de febrero, de Turismo, se considera cumplido el deber de inscripci\u00f3n en el Registro de Turismo de Navarra, quedando registrado con el c\u00f3digo de registro: UAT01402<\/p>","protected":false},"author":1,"featured_media":0,"parent":0,"menu_order":0,"comment_status":"closed","ping_status":"closed","template":"","meta":{"footnotes":""},"class_list":["post-143","page","type-page","status-publish","hentry"],"jetpack_sharing_enabled":true,"_links":{"self":[{"href":"https:\/\/txokoloft.com\/fr\/wp-json\/wp\/v2\/pages\/143","targetHints":{"allow":["GET"]}}],"collection":[{"href":"https:\/\/txokoloft.com\/fr\/wp-json\/wp\/v2\/pages"}],"about":[{"href":"https:\/\/txokoloft.com\/fr\/wp-json\/wp\/v2\/types\/page"}],"author":[{"embeddable":true,"href":"https:\/\/txokoloft.com\/fr\/wp-json\/wp\/v2\/users\/1"}],"replies":[{"embeddable":true,"href":"https:\/\/txokoloft.com\/fr\/wp-json\/wp\/v2\/comments?post=143"}],"version-history":[{"count":16,"href":"https:\/\/txokoloft.com\/fr\/wp-json\/wp\/v2\/pages\/143\/revisions"}],"predecessor-version":[{"id":316,"href":"https:\/\/txokoloft.com\/fr\/wp-json\/wp\/v2\/pages\/143\/revisions\/316"}],"wp:attachment":[{"href":"https:\/\/txokoloft.com\/fr\/wp-json\/wp\/v2\/media?parent=143"}],"curies":[{"name":"wp","href":"https:\/\/api.w.org\/{rel}","templated":true}]}}