{"id":145,"date":"2023-03-21T10:49:47","date_gmt":"2023-03-21T10:49:47","guid":{"rendered":"https:\/\/txokoloft.com\/?page_id=145"},"modified":"2023-03-23T14:57:14","modified_gmt":"2023-03-23T14:57:14","slug":"txoko-loft-ribera","status":"publish","type":"page","link":"https:\/\/txokoloft.com\/fr\/txoko-loft-ribera\/","title":{"rendered":"Txoko Loft Ribera"},"content":{"rendered":"<div class=\"wp-block-image\">\n<figure class=\"aligncenter size-large is-resized\"><img loading=\"lazy\" decoding=\"async\" src=\"https:\/\/txokoloft.com\/wp-content\/uploads\/2023\/03\/Txoko-Loft-logo-3-Ribera-1024x640.png\" alt=\"\" class=\"wp-image-88\" width=\"512\" height=\"320\" srcset=\"https:\/\/txokoloft.com\/wp-content\/uploads\/2023\/03\/Txoko-Loft-logo-3-Ribera-1024x640.png 1024w, https:\/\/txokoloft.com\/wp-content\/uploads\/2023\/03\/Txoko-Loft-logo-3-Ribera-300x188.png 300w, https:\/\/txokoloft.com\/wp-content\/uploads\/2023\/03\/Txoko-Loft-logo-3-Ribera-768x480.png 768w, https:\/\/txokoloft.com\/wp-content\/uploads\/2023\/03\/Txoko-Loft-logo-3-Ribera-1536x960.png 1536w, https:\/\/txokoloft.com\/wp-content\/uploads\/2023\/03\/Txoko-Loft-logo-3-Ribera.png 1667w\" sizes=\"auto, (max-width: 512px) 100vw, 512px\" \/><\/figure>\n<\/div>\n\n\n<div class=\"alignwide\"><div id=\"metaslider-id-194\" style=\"width: 100%;\" class=\"ml-slider-3-61-0 metaslider metaslider-flex metaslider-194 ml-slider ms-theme-default\" role=\"region\" aria-roledescription=\"Slideshow\" aria-label=\"Txoko Loft Ribera\">\n    <div id=\"metaslider_container_194\">\n        <div id=\"metaslider_194\">\n            <ul aria-live=\"polite\" class=\"slides\">\n                <li style=\"display: block; width: 100%;\" class=\"slide-195 ms-image\" aria-roledescription=\"slide\" aria-label=\"slide-195\"><img loading=\"lazy\" decoding=\"async\" src=\"https:\/\/txokoloft.com\/wp-content\/uploads\/2023\/03\/txoko_loft_3_ribera_salon-1012x675.jpg\" height=\"800\" width=\"1200\" alt=\"\" class=\"slider-194 slide-195\" title=\"txoko_loft_3_ribera_salon\" \/><\/li>\n                <li style=\"display: none; width: 100%;\" class=\"slide-196 ms-image\" aria-roledescription=\"slide\" aria-label=\"slide-196\"><img loading=\"lazy\" decoding=\"async\" src=\"https:\/\/txokoloft.com\/wp-content\/uploads\/2023\/03\/txoko_loft_3_ribera_habitacion_b-1012x675.jpg\" height=\"800\" width=\"1200\" alt=\"\" class=\"slider-194 slide-196\" title=\"txoko_loft_3_ribera_habitacion_b\" \/><\/li>\n                <li style=\"display: none; width: 100%;\" class=\"slide-197 ms-image\" aria-roledescription=\"slide\" aria-label=\"slide-197\"><img loading=\"lazy\" decoding=\"async\" src=\"https:\/\/txokoloft.com\/wp-content\/uploads\/2023\/03\/txoko_loft_3_ribera_habitacion_a-1012x675.jpg\" height=\"800\" width=\"1200\" alt=\"\" class=\"slider-194 slide-197\" title=\"txoko_loft_3_ribera_habitacion_a\" \/><\/li>\n                <li style=\"display: none; width: 100%;\" class=\"slide-198 ms-image\" aria-roledescription=\"slide\" aria-label=\"slide-198\"><img loading=\"lazy\" decoding=\"async\" src=\"https:\/\/txokoloft.com\/wp-content\/uploads\/2023\/03\/txoko_loft_3_ribera_entrada-1012x675.jpg\" height=\"800\" width=\"1200\" alt=\"\" class=\"slider-194 slide-198\" title=\"txoko_loft_3_ribera_entrada\" \/><\/li>\n                <li style=\"display: none; width: 100%;\" class=\"slide-199 ms-image\" aria-roledescription=\"slide\" aria-label=\"slide-199\"><img loading=\"lazy\" decoding=\"async\" src=\"https:\/\/txokoloft.com\/wp-content\/uploads\/2023\/03\/txoko_loft_3_ribera_desde_entrada-1012x675.jpg\" height=\"800\" width=\"1200\" alt=\"\" class=\"slider-194 slide-199\" title=\"txoko_loft_3_ribera_desde_entrada\" \/><\/li>\n                <li style=\"display: none; width: 100%;\" class=\"slide-200 ms-image\" aria-roledescription=\"slide\" aria-label=\"slide-200\"><img loading=\"lazy\" decoding=\"async\" src=\"https:\/\/txokoloft.com\/wp-content\/uploads\/2023\/03\/txoko_loft_3_ribera_cocina-1012x675.jpg\" height=\"800\" width=\"1200\" alt=\"\" class=\"slider-194 slide-200\" title=\"txoko_loft_3_ribera_cocina\" \/><\/li>\n                <li style=\"display: none; width: 100%;\" class=\"slide-201 ms-image\" aria-roledescription=\"slide\" aria-label=\"slide-201\"><img loading=\"lazy\" decoding=\"async\" src=\"https:\/\/txokoloft.com\/wp-content\/uploads\/2023\/03\/txoko_loft_3_ribera_bano_b-1200x800.jpg\" height=\"800\" width=\"1200\" alt=\"\" class=\"slider-194 slide-201\" title=\"txoko_loft_3_ribera_ba\u00f1o_b\" \/><\/li>\n                <li style=\"display: none; width: 100%;\" class=\"slide-202 ms-image\" aria-roledescription=\"slide\" aria-label=\"slide-202\"><img loading=\"lazy\" decoding=\"async\" src=\"https:\/\/txokoloft.com\/wp-content\/uploads\/2023\/03\/txoko_loft_3_ribera_bano_a-1200x800.jpg\" height=\"800\" width=\"1200\" alt=\"\" class=\"slider-194 slide-202\" title=\"txoko_loft_3_ribera_ba\u00f1o_a\" \/><\/li>\n            <\/ul>\n        <\/div>\n        \n    <\/div>\n<\/div><\/div>\n\n\n\n<h2 class=\"wp-block-heading\">Description<\/h2>\n\n\n\n<ul class=\"wp-block-list\">\n<li>Salle \u00e0 manger<\/li>\n\n\n\n<li>Cuisine<\/li>\n\n\n\n<li>1 dormitorio con 3 camas<\/li>\n\n\n\n<li>Toilettes<\/li>\n\n\n\n<li>Acc\u00e8s par ruelle entre Avenida Zaragoza et Fuente Can\u00f3nigos<\/li>\n<\/ul>\n\n\n\n<h3 class=\"wp-block-heading\">\u00c9quipement<\/h3>\n\n\n\n<ul class=\"wp-block-list\">\n<li>Four micro onde<\/li>\n\n\n\n<li>R\u00e9frig\u00e9rateur<\/li>\n\n\n\n<li>Machine \u00e0 laver<\/li>\n\n\n\n<li>Lave-vaisselle<\/li>\n\n\n\n<li>Four<\/li>\n\n\n\n<li>Vitroc\u00e9ramique<\/li>\n\n\n\n<li>Grille-pain<\/li>\n\n\n\n<li>Mixeur<\/li>\n\n\n\n<li>Machine \u00e0 caf\u00e9<\/li>\n\n\n\n<li>T\u00e9l\u00e9vision<\/li>\n\n\n\n<li>S\u00e8che-cheveux<\/li>\n\n\n\n<li>Canap\u00e9-lit<\/li>\n<\/ul>\n\n\n\n<hr class=\"wp-block-separator has-alpha-channel-opacity\"\/>\n\n\n\n<p class=\"has-text-align-center has-small-font-size\">En application de l'article 14 de la loi forale 7\/2003 du 14 f\u00e9vrier sur le tourisme, l'obligation d'inscription au registre du tourisme de Navarre est consid\u00e9r\u00e9e comme remplie, \u00e9tant enregistr\u00e9e avec le code d'enregistrement\u00a0: UAT01403<\/p>","protected":false},"excerpt":{"rendered":"<p>Descripci\u00f3n Equipamiento En aplicaci\u00f3n del art\u00edculo 14 de la Ley Foral 7\/2003, de 14 de febrero, de Turismo, se considera cumplido el deber de inscripci\u00f3n en el Registro de Turismo de Navarra, quedando registrado con el c\u00f3digo de registro: UAT01403<\/p>","protected":false},"author":1,"featured_media":0,"parent":0,"menu_order":0,"comment_status":"closed","ping_status":"closed","template":"","meta":{"footnotes":""},"class_list":["post-145","page","type-page","status-publish","hentry"],"jetpack_sharing_enabled":true,"_links":{"self":[{"href":"https:\/\/txokoloft.com\/fr\/wp-json\/wp\/v2\/pages\/145","targetHints":{"allow":["GET"]}}],"collection":[{"href":"https:\/\/txokoloft.com\/fr\/wp-json\/wp\/v2\/pages"}],"about":[{"href":"https:\/\/txokoloft.com\/fr\/wp-json\/wp\/v2\/types\/page"}],"author":[{"embeddable":true,"href":"https:\/\/txokoloft.com\/fr\/wp-json\/wp\/v2\/users\/1"}],"replies":[{"embeddable":true,"href":"https:\/\/txokoloft.com\/fr\/wp-json\/wp\/v2\/comments?post=145"}],"version-history":[{"count":11,"href":"https:\/\/txokoloft.com\/fr\/wp-json\/wp\/v2\/pages\/145\/revisions"}],"predecessor-version":[{"id":318,"href":"https:\/\/txokoloft.com\/fr\/wp-json\/wp\/v2\/pages\/145\/revisions\/318"}],"wp:attachment":[{"href":"https:\/\/txokoloft.com\/fr\/wp-json\/wp\/v2\/media?parent=145"}],"curies":[{"name":"wp","href":"https:\/\/api.w.org\/{rel}","templated":true}]}}