{"id":32,"date":"2023-03-20T16:10:46","date_gmt":"2023-03-20T16:10:46","guid":{"rendered":"https:\/\/txokoloft.com\/?page_id=32"},"modified":"2023-03-21T16:45:36","modified_gmt":"2023-03-21T16:45:36","slug":"inicio","status":"publish","type":"page","link":"https:\/\/txokoloft.com\/fr\/","title":{"rendered":"Home"},"content":{"rendered":"<div class=\"wp-block-cover alignfull is-light hestia-clear-top-padding\"><span aria-hidden=\"true\" class=\"wp-block-cover__background has-white-background-color has-background-dim-100 has-background-dim\"><\/span><div class=\"wp-block-cover__inner-container is-layout-flow wp-block-cover-is-layout-flow\">\n<h2 class=\"has-text-align-center has-text-color wp-block-heading\" style=\"color:#3c4858\">Nos appartements<\/h2>\n\n\n\n<div style=\"height:40px\" aria-hidden=\"true\" class=\"wp-block-spacer\"><\/div>\n\n\n\n<div class=\"wp-block-columns container is-layout-flex wp-container-core-columns-is-layout-9d6595d7 wp-block-columns-is-layout-flex\">\n<div class=\"wp-block-column is-layout-flow wp-block-column-is-layout-flow\"><div class=\"wp-block-image\">\n<figure class=\"aligncenter size-large is-resized\"><a href=\"https:\/\/txokoloft.com\/fr\/txoko-loft-moncayo\/\"><img decoding=\"async\" src=\"https:\/\/txokoloft.com\/wp-content\/uploads\/2023\/03\/Txoko-Loft-logo-1-Moncayo-1024x640.png\" alt=\"\" class=\"wp-image-86\" width=\"200\" srcset=\"https:\/\/txokoloft.com\/wp-content\/uploads\/2023\/03\/Txoko-Loft-logo-1-Moncayo-1024x640.png 1024w, https:\/\/txokoloft.com\/wp-content\/uploads\/2023\/03\/Txoko-Loft-logo-1-Moncayo-300x188.png 300w, https:\/\/txokoloft.com\/wp-content\/uploads\/2023\/03\/Txoko-Loft-logo-1-Moncayo-768x480.png 768w, https:\/\/txokoloft.com\/wp-content\/uploads\/2023\/03\/Txoko-Loft-logo-1-Moncayo-1536x960.png 1536w, https:\/\/txokoloft.com\/wp-content\/uploads\/2023\/03\/Txoko-Loft-logo-1-Moncayo.png 1667w\" sizes=\"(max-width: 1024px) 100vw, 1024px\" \/><\/a><\/figure>\n<\/div>\n\n\n<h5 class=\"has-text-align-center has-text-color wp-block-heading\" style=\"color:#3c4858;font-size:18px\">#1 Txoko Loft Moncayo<\/h5>\n\n\n\n<div class=\"wp-block-buttons is-layout-flex wp-block-buttons-is-layout-flex\"><\/div>\n\n\n\n<p class=\"has-text-align-center has-text-color\" style=\"color:#999999;font-size:14px\">Comprend salon, cuisine, 1 chambre avec 3 lits et salle de bain. Acc\u00e8s par la rue Fuente Can\u00f3nigos.<\/p>\n\n\n\n<div class=\"wp-block-buttons is-content-justification-center is-layout-flex wp-container-core-buttons-is-layout-16018d1d wp-block-buttons-is-layout-flex\">\n<div class=\"wp-block-button\"><a class=\"wp-block-button__link wp-element-button\" href=\"https:\/\/txokoloft.com\/fr\/txoko-loft-moncayo\/\">En savoir plus<\/a><\/div>\n<\/div>\n\n\n\n<div style=\"height:25px\" aria-hidden=\"true\" class=\"wp-block-spacer\"><\/div>\n<\/div>\n\n\n\n<div class=\"wp-block-column is-layout-flow wp-block-column-is-layout-flow\"><div class=\"wp-block-image\">\n<figure class=\"aligncenter size-large is-resized\"><a href=\"https:\/\/txokoloft.com\/fr\/txoko-loft-bardenas\/\"><img decoding=\"async\" src=\"https:\/\/txokoloft.com\/wp-content\/uploads\/2023\/03\/Txoko-Loft-logo-2-Bardenas-1024x640.png\" alt=\"\" class=\"wp-image-87\" width=\"200\" srcset=\"https:\/\/txokoloft.com\/wp-content\/uploads\/2023\/03\/Txoko-Loft-logo-2-Bardenas-1024x640.png 1024w, https:\/\/txokoloft.com\/wp-content\/uploads\/2023\/03\/Txoko-Loft-logo-2-Bardenas-300x188.png 300w, https:\/\/txokoloft.com\/wp-content\/uploads\/2023\/03\/Txoko-Loft-logo-2-Bardenas-768x480.png 768w, https:\/\/txokoloft.com\/wp-content\/uploads\/2023\/03\/Txoko-Loft-logo-2-Bardenas-1536x960.png 1536w, https:\/\/txokoloft.com\/wp-content\/uploads\/2023\/03\/Txoko-Loft-logo-2-Bardenas.png 1667w\" sizes=\"(max-width: 1024px) 100vw, 1024px\" \/><\/a><\/figure>\n<\/div>\n\n\n<h5 class=\"has-text-align-center has-text-color wp-block-heading\" style=\"color:#3c4858;font-size:18px\">#2 Txoko Loft Bardenas<\/h5>\n\n\n\n<p class=\"has-text-align-center has-text-color\" style=\"color:#999999;font-size:14px\">Comprend salon, cuisine, 2 chambres avec 2 lits chacune et salle de bain. Acc\u00e8s par la rue Fuente Can\u00f3nigos.<\/p>\n\n\n\n<div class=\"wp-block-buttons is-content-justification-center is-layout-flex wp-container-core-buttons-is-layout-16018d1d wp-block-buttons-is-layout-flex\">\n<div class=\"wp-block-button\"><a class=\"wp-block-button__link wp-element-button\" href=\"https:\/\/txokoloft.com\/fr\/txoko-loft-bardenas\/\">En savoir plus<\/a><\/div>\n<\/div>\n\n\n\n<div style=\"height:25px\" aria-hidden=\"true\" class=\"wp-block-spacer\"><\/div>\n<\/div>\n\n\n\n<div class=\"wp-block-column is-layout-flow wp-block-column-is-layout-flow\"><div class=\"wp-block-image\">\n<figure class=\"aligncenter size-large is-resized\"><a href=\"https:\/\/txokoloft.com\/fr\/txoko-loft-ribera\/\"><img decoding=\"async\" src=\"https:\/\/txokoloft.com\/wp-content\/uploads\/2023\/03\/Txoko-Loft-logo-3-Ribera-1024x640.png\" alt=\"\" class=\"wp-image-88\" width=\"200\" srcset=\"https:\/\/txokoloft.com\/wp-content\/uploads\/2023\/03\/Txoko-Loft-logo-3-Ribera-1024x640.png 1024w, https:\/\/txokoloft.com\/wp-content\/uploads\/2023\/03\/Txoko-Loft-logo-3-Ribera-300x188.png 300w, https:\/\/txokoloft.com\/wp-content\/uploads\/2023\/03\/Txoko-Loft-logo-3-Ribera-768x480.png 768w, https:\/\/txokoloft.com\/wp-content\/uploads\/2023\/03\/Txoko-Loft-logo-3-Ribera-1536x960.png 1536w, https:\/\/txokoloft.com\/wp-content\/uploads\/2023\/03\/Txoko-Loft-logo-3-Ribera.png 1667w\" sizes=\"(max-width: 1024px) 100vw, 1024px\" \/><\/a><\/figure>\n<\/div>\n\n\n<h5 class=\"has-text-align-center has-text-color wp-block-heading\" style=\"color:#3c4858;font-size:18px\">#3 Txoko Loft Ribera<\/h5>\n\n\n\n<p class=\"has-text-align-center has-text-color\" style=\"color:#999999;font-size:14px\">Comprend salon, cuisine, 1 chambre avec 3 lits et salle de bain. Acc\u00e8s par ruelle entre Avenida Zaragoza et Fuente Can\u00f3nigos.<\/p>\n\n\n\n<div class=\"wp-block-buttons is-content-justification-center is-layout-flex wp-container-core-buttons-is-layout-16018d1d wp-block-buttons-is-layout-flex\">\n<div class=\"wp-block-button\"><a class=\"wp-block-button__link wp-element-button\" href=\"https:\/\/txokoloft.com\/fr\/txoko-loft-ribera\/\">En savoir plus<\/a><\/div>\n<\/div>\n\n\n\n<div style=\"height:25px\" aria-hidden=\"true\" class=\"wp-block-spacer\"><\/div>\n<\/div>\n<\/div>\n<\/div><\/div>\n\n\n\n<div class=\"wp-block-columns container is-layout-flex wp-container-core-columns-is-layout-9d6595d7 wp-block-columns-is-layout-flex\">\n<div class=\"wp-block-column col-md-5 is-layout-flow wp-block-column-is-layout-flow\">\n<div style=\"height:55px\" aria-hidden=\"true\" class=\"wp-block-spacer\"><\/div>\n\n\n\n<h2 class=\"wp-block-heading\">\u00c0 propos de Txoko Loft<\/h2>\n\n\n\n<p>Nous sommes une entreprise avec une vaste exp\u00e9rience dans le secteur du tourisme et de la communication. D\u00e9sireux de vous faire conna\u00eetre notre territoire et de vous offrir une exp\u00e9rience compl\u00e8te.<\/p>\n<\/div>\n\n\n\n<div class=\"wp-block-column col-md-6 col-md-offset1 is-layout-flow wp-block-column-is-layout-flow\">\n<div style=\"height:55px\" aria-hidden=\"true\" class=\"wp-block-spacer\"><\/div>\n\n\n\n<figure class=\"wp-block-image size-large\"><img loading=\"lazy\" decoding=\"async\" width=\"1024\" height=\"576\" src=\"https:\/\/txokoloft.com\/wp-content\/uploads\/2023\/03\/txoko_loft_exterior-1024x576.jpg\" alt=\"\" class=\"wp-image-71\" srcset=\"https:\/\/txokoloft.com\/wp-content\/uploads\/2023\/03\/txoko_loft_exterior-1024x576.jpg 1024w, https:\/\/txokoloft.com\/wp-content\/uploads\/2023\/03\/txoko_loft_exterior-300x169.jpg 300w, https:\/\/txokoloft.com\/wp-content\/uploads\/2023\/03\/txoko_loft_exterior-768x432.jpg 768w, https:\/\/txokoloft.com\/wp-content\/uploads\/2023\/03\/txoko_loft_exterior-1536x864.jpg 1536w, https:\/\/txokoloft.com\/wp-content\/uploads\/2023\/03\/txoko_loft_exterior.jpg 2000w\" sizes=\"auto, (max-width: 1024px) 100vw, 1024px\" \/><\/figure>\n\n\n\n<p><\/p>\n<\/div>\n<\/div>","protected":false},"excerpt":{"rendered":"<p>Sobre Txoko Loft Somos una empresa con un amplio recorrido y experiencia en el sector tur\u00edstico y de la comunicaci\u00f3n. Con ganas de que conozcas nuestra tierra y ofrecerte una experiencia completa.<\/p>","protected":false},"author":1,"featured_media":65,"parent":0,"menu_order":0,"comment_status":"closed","ping_status":"closed","template":"","meta":{"footnotes":""},"class_list":["post-32","page","type-page","status-publish","has-post-thumbnail","hentry"],"jetpack_sharing_enabled":true,"_links":{"self":[{"href":"https:\/\/txokoloft.com\/fr\/wp-json\/wp\/v2\/pages\/32","targetHints":{"allow":["GET"]}}],"collection":[{"href":"https:\/\/txokoloft.com\/fr\/wp-json\/wp\/v2\/pages"}],"about":[{"href":"https:\/\/txokoloft.com\/fr\/wp-json\/wp\/v2\/types\/page"}],"author":[{"embeddable":true,"href":"https:\/\/txokoloft.com\/fr\/wp-json\/wp\/v2\/users\/1"}],"replies":[{"embeddable":true,"href":"https:\/\/txokoloft.com\/fr\/wp-json\/wp\/v2\/comments?post=32"}],"version-history":[{"count":11,"href":"https:\/\/txokoloft.com\/fr\/wp-json\/wp\/v2\/pages\/32\/revisions"}],"predecessor-version":[{"id":279,"href":"https:\/\/txokoloft.com\/fr\/wp-json\/wp\/v2\/pages\/32\/revisions\/279"}],"wp:featuredmedia":[{"embeddable":true,"href":"https:\/\/txokoloft.com\/fr\/wp-json\/wp\/v2\/media\/65"}],"wp:attachment":[{"href":"https:\/\/txokoloft.com\/fr\/wp-json\/wp\/v2\/media?parent=32"}],"curies":[{"name":"wp","href":"https:\/\/api.w.org\/{rel}","templated":true}]}}